{"id":121,"date":"2016-03-12T02:05:26","date_gmt":"2016-03-12T01:05:26","guid":{"rendered":"http:\/\/www.karl-gerth.de\/cms\/?page_id=121"},"modified":"2016-03-12T03:06:41","modified_gmt":"2016-03-12T02:06:41","slug":"home-2","status":"publish","type":"page","link":"https:\/\/www.karl-gerth.de\/cms\/","title":{"rendered":"Home"},"content":{"rendered":"<h1 style=\"text-align: center;\"><img decoding=\"async\" loading=\"lazy\" class=\" wp-image-10 aligncenter\" src=\"http:\/\/www.karl-gerth.de\/cms\/wp-content\/uploads\/2016\/03\/Bergmannring_2.jpg\" alt=\"Bergmannring_2\" width=\"368\" height=\"250\" \/>Willkommen auf unserer Webseite!<\/h1>\n<p style=\"text-align: center;\" align=\"center\">TEAMWORK<\/p>\n<p style=\"text-align: center;\" align=\"center\">Gemeinsam machen wir\u2019 s m\u00f6glich<\/p>\n<p style=\"text-align: center;\" align=\"center\">Vielen Dank f\u00fcr Ihr Interesse an unserem Unternehmen.<\/p>\n<p style=\"text-align: center;\" align=\"center\">Auf den folgenden Seiten erfahren Sie das wichtigste \u00fcber unser\u00a0 Unternehmen und unsere Leistungen.<\/p>\n<p style=\"text-align: center;\" align=\"center\">Falls Sie Fragen oder Interesse an\u00a0unseren Dienstleistungen haben, nehmen Sie bitte Kontakt mit uns auf.<\/p>\n","protected":false},"excerpt":{"rendered":"<p>Willkommen auf unserer Webseite! TEAMWORK Gemeinsam machen wir\u2019 s m\u00f6glich Vielen Dank f\u00fcr Ihr Interesse an unserem Unternehmen. Auf den folgenden Seiten erfahren Sie das wichtigste \u00fcber unser\u00a0 Unternehmen und unsere Leistungen. Falls Sie Fragen oder Interesse an\u00a0unseren Dienstleistungen haben, nehmen Sie bitte Kontakt mit uns auf.<\/p>\n","protected":false},"author":1,"featured_media":0,"parent":0,"menu_order":0,"comment_status":"closed","ping_status":"closed","template":"","meta":[],"_links":{"self":[{"href":"https:\/\/www.karl-gerth.de\/cms\/wp-json\/wp\/v2\/pages\/121"}],"collection":[{"href":"https:\/\/www.karl-gerth.de\/cms\/wp-json\/wp\/v2\/pages"}],"about":[{"href":"https:\/\/www.karl-gerth.de\/cms\/wp-json\/wp\/v2\/types\/page"}],"author":[{"embeddable":true,"href":"https:\/\/www.karl-gerth.de\/cms\/wp-json\/wp\/v2\/users\/1"}],"replies":[{"embeddable":true,"href":"https:\/\/www.karl-gerth.de\/cms\/wp-json\/wp\/v2\/comments?post=121"}],"version-history":[{"count":9,"href":"https:\/\/www.karl-gerth.de\/cms\/wp-json\/wp\/v2\/pages\/121\/revisions"}],"predecessor-version":[{"id":137,"href":"https:\/\/www.karl-gerth.de\/cms\/wp-json\/wp\/v2\/pages\/121\/revisions\/137"}],"wp:attachment":[{"href":"https:\/\/www.karl-gerth.de\/cms\/wp-json\/wp\/v2\/media?parent=121"}],"curies":[{"name":"wp","href":"https:\/\/api.w.org\/{rel}","templated":true}]}}